{"id":134,"date":"2018-02-20T13:28:16","date_gmt":"2018-02-20T13:28:16","guid":{"rendered":"https:\/\/jonasurbonas.lt\/?page_id=134"},"modified":"2025-11-24T13:50:05","modified_gmt":"2025-11-24T11:50:05","slug":"apie-3","status":"publish","type":"page","link":"https:\/\/jonasurbonas.lt\/en\/","title":{"rendered":"Attorney At Law Jonas Urbonas"},"content":{"rendered":"<p style=\"text-align: justify;\">Attorney Jonas Urbonas provides professional legal services to both private individuals and business clients.<\/p>\n<p style=\"text-align: justify;\">Practice areas include administrative, criminal, labor, data protection, finance and tax, commercial, intellectual property, hunting, medical, construction, anti-money laundering compliance, family and inheritance law, as well as dispute resolution.<\/p>\n<p style=\"text-align: justify;\">In providing legal services, the attorney adheres to the principle of loyalty to the client.<\/p>\n\n\n<hr class=\"wp-block-separator has-css-opacity is-style-wide\"\/>\n\n\n\n<h1 class=\"wp-block-heading has-text-align-center\" id=\"advokatas\" style=\"font-size:35px\"><\/h1>\n\n\n<div class=\"wp-block-image\">\n<figure class=\"aligncenter is-resized\"><img data-recalc-dims=\"1\" decoding=\"async\" data-attachment-id=\"176\" data-permalink=\"https:\/\/jonasurbonas.lt\/en\/home\/ii\/\" data-orig-file=\"https:\/\/i0.wp.com\/jonasurbonas.lt\/wp-content\/uploads\/2018\/02\/ii.jpg?fit=1455%2C1954&amp;ssl=1\" data-orig-size=\"1455,1954\" data-comments-opened=\"1\" data-image-meta=\"{&quot;aperture&quot;:&quot;5.6&quot;,&quot;credit&quot;:&quot;Picasa&quot;,&quot;camera&quot;:&quot;NIKON D3100&quot;,&quot;caption&quot;:&quot;&quot;,&quot;created_timestamp&quot;:&quot;1505294485&quot;,&quot;copyright&quot;:&quot;&quot;,&quot;focal_length&quot;:&quot;55&quot;,&quot;iso&quot;:&quot;280&quot;,&quot;shutter_speed&quot;:&quot;0.008&quot;,&quot;title&quot;:&quot;&quot;,&quot;orientation&quot;:&quot;0&quot;}\" data-image-title=\"II\" data-image-description=\"\" data-image-caption=\"\" data-large-file=\"https:\/\/i0.wp.com\/jonasurbonas.lt\/wp-content\/uploads\/2018\/02\/ii.jpg?fit=740%2C994&amp;ssl=1\" src=\"https:\/\/i0.wp.com\/jonasurbonas.lt\/wp-content\/uploads\/2020\/05\/2020-05-05-jonas-urbonas-zilvinas-foto31285-3-1.jpg?w=740&amp;ssl=1\" alt=\"2020-05-05 Jonas Urbonas Zilvinas foto31285-3\" class=\"wp-image-176\" style=\"width:478px;height:auto\"\/><\/figure>\n<\/div>\n\n\n<p class=\"has-text-align-left wp-block-paragraph\"><strong>Qualifications:<\/strong><\/p>\n\n\n\n<ul class=\"wp-block-list\">\n<li><span style=\"text-align:justify;\">Recognised by the Lithuanian Bar Association (since 2018)<\/span> <a href=\"https:\/\/www.advokatura.lt\/iraso-informacija\/advokatu-paieska\/Jonas-Urbonas\/\">www.advokatura.lt\/iraso-informacija\/advokatu-paieska\/Jonas-Urbonas\/<\/a><\/li>\n\n\n\n<li>Assistant Lawyer at Zenonas Juknevi\u010dius Law Firm (2015-2018)<\/li>\n\n\n\n<li>Lawyer-trainee at Zenonas Juknevi\u010dius Law Firm (2013-2015)<\/li>\n<\/ul>\n\n\n\n<p class=\"has-text-align-left wp-block-paragraph\"><strong>Education:<\/strong><\/p>\n\n\n\n<ul class=\"wp-block-list\"><li>Master's degree from Vilnius University, Faculty of Law (2015)<\/li><\/ul>\n\n\n\n<p class=\"has-text-align-left wp-block-paragraph\"><strong>Organisations:<\/strong><\/p>\n\n\n\n<ul class=\"wp-block-list\">\n<li>Member of the Lithuanian Bar Association (since 2018)<\/li>\n\n\n\n<li>Member of the Lithuanian Young Lawyers Association (since 2019)<\/li>\n\n\n\n<li>Member of the Vilnius University Faculty of Law Alumni Association (since 2017)<\/li>\n\n\n\n<li>BNI member (since 2019)<\/li>\n<\/ul>\n\n\n\n<p class=\"has-text-align-left wp-block-paragraph\"><strong>Languages:<\/strong><\/p>\n\n\n\n<ul class=\"wp-block-list\"><li>Lithuanian<\/li><li>English<\/li><\/ul>\n\n\n\n<p class=\"wp-block-paragraph\"><\/p>\n\n\n\n<hr class=\"wp-block-separator has-css-opacity is-style-wide\"\/>\n\n\n\n<hr class=\"wp-block-separator has-css-opacity is-style-wide\"\/>\n\n\n\n<h2 class=\"wp-block-heading has-text-align-center\" id=\"kontaktai\" style=\"font-size:35px\">Contact<\/h2>\n\n\n\n<p class=\"wp-block-paragraph\"><strong>Jonas Urbonas Law Firm<\/strong><\/p>\n\n\n\n<p class=\"wp-block-paragraph\"><a href=\"https:\/\/www.google.lt\/maps\/place\/Katon+g.+4,+Vilnius+01107\/@54.6894689,25.271713,17z\/data=!3m1!4b1!4m5!3m4!1s0x46dd940f6e924c01:0x1f2fc87fb64ff894!8m2!3d54.6894658!4d25.2739017?hl=lt\" target=\"_blank\" rel=\"noreferrer noopener\">Ka\u0161ton\u0173 g. 4-8, LT-01107 Vilnius<\/a><\/p>\n\n\n\n<p class=\"wp-block-paragraph\">Phone number: <a href=\"tel:\/\/+37061585538\">+370 (615) 85538<\/a><\/p>\n\n\n\n<p class=\"wp-block-paragraph\">Email <a href=\"mailto:jonas@urbonas.legal\">jonas@urbonas.legal<\/a>, <a href=\"mailto:advokatas@jonasurbonas.lt\">advokatas@jonasurbonas.lt<\/a><\/p>\n\n\n<div class=\"googlemaps\">\n\t\t\t\t<iframe loading=\"lazy\" width=\"600\" height=\"450\" frameborder=\"0\" scrolling=\"no\" marginheight=\"0\" marginwidth=\"0\"  src=\"https:\/\/www.google.com\/maps\/embed?pb=!1m18!1m12!1m3!1d2306.1454032052297!2d25.271713015653113!3d54.68946888095944!2m3!1f0!2f0!3f0!3m2!1i1024!2i768!4f13.1!3m3!1m2!1s0x46dd940f6e924c01:0x1f2fc87fb64ff894!2sKa\u0161ton\u0173%20g.%204,%20Vilnius%2001107!5e0!3m2!1slt!2slt!4v1518959363315\"><\/iframe>\n\t\t\t<\/div>","protected":false},"excerpt":{"rendered":"<p>Advokatas Jonas Urbonas teikia profesionalias teisines paslaugas tiek privatiems, tiek verslo klientams. Praktikos sritys apima administracin\u0119, baud\u017eiam\u0105j\u0105, darbo, duomen\u0173 apsaugos, finans\u0173 ir mokes\u010di\u0173, komercin\u0117s, intelektin\u0117s nuosavyb\u0117s, med\u017eiokl\u0117s, medicinos, statyb\u0173, pinig\u0173 plovimo prevencijos, \u0161eimos ir paveld\u0117jimo teis\u0119 bei gin\u010d\u0173 sprendim\u0105. Teikdamas teisines paslaugas advokatas vadovaujasi lojalumo klientui principu. Kontaktai Advokato Jono Urbono kontora Ka\u0161ton\u0173 g. 4-8, &hellip; <a href=\"https:\/\/jonasurbonas.lt\/en\/\" class=\"more-link\">Continue reading <span class=\"screen-reader-text\">Attorney At Law Jonas Urbonas<\/span><\/a><\/p>","protected":false},"author":98073990,"featured_media":148,"parent":0,"menu_order":0,"comment_status":"closed","ping_status":"closed","template":"","meta":{"_coblocks_attr":"","_coblocks_dimensions":"","_coblocks_responsive_height":"","_coblocks_accordion_ie_support":"","_crdt_document":"","advanced_seo_description":"","jetpack_seo_html_title":"","jetpack_seo_noindex":false,"footnotes":""},"class_list":["post-134","page","type-page","status-publish","has-post-thumbnail","hentry"],"jetpack_likes_enabled":false,"jetpack_sharing_enabled":false,"jetpack_shortlink":"https:\/\/wp.me\/P9F6SF-2a","jetpack-related-posts":[],"_links":{"self":[{"href":"https:\/\/jonasurbonas.lt\/en\/wp-json\/wp\/v2\/pages\/134","targetHints":{"allow":["GET"]}}],"collection":[{"href":"https:\/\/jonasurbonas.lt\/en\/wp-json\/wp\/v2\/pages"}],"about":[{"href":"https:\/\/jonasurbonas.lt\/en\/wp-json\/wp\/v2\/types\/page"}],"author":[{"embeddable":true,"href":"https:\/\/jonasurbonas.lt\/en\/wp-json\/wp\/v2\/users\/98073990"}],"replies":[{"embeddable":true,"href":"https:\/\/jonasurbonas.lt\/en\/wp-json\/wp\/v2\/comments?post=134"}],"version-history":[{"count":34,"href":"https:\/\/jonasurbonas.lt\/en\/wp-json\/wp\/v2\/pages\/134\/revisions"}],"predecessor-version":[{"id":540,"href":"https:\/\/jonasurbonas.lt\/en\/wp-json\/wp\/v2\/pages\/134\/revisions\/540"}],"wp:featuredmedia":[{"embeddable":true,"href":"https:\/\/jonasurbonas.lt\/en\/wp-json\/wp\/v2\/media\/148"}],"wp:attachment":[{"href":"https:\/\/jonasurbonas.lt\/en\/wp-json\/wp\/v2\/media?parent=134"}],"curies":[{"name":"wp","href":"https:\/\/api.w.org\/{rel}","templated":true}]}}